{"id":43849,"date":"2023-01-25T12:01:30","date_gmt":"2023-01-25T11:01:30","guid":{"rendered":"https:\/\/www.investinitalyrealestate.com\/?page_id=43849"},"modified":"2023-01-25T12:01:30","modified_gmt":"2023-01-25T11:01:30","slug":"ministero-della-difesa-i-bando","status":"publish","type":"page","link":"https:\/\/dev.investinitalyrealestate.com\/it\/ministero-della-difesa-i-bando\/","title":{"rendered":"MINISTERO DELLA DIFESA &#8211; I\u00b0 BANDO"},"content":{"rendered":"<p style=\"text-align: center;\"><img loading=\"lazy\" class=\"alignnone  wp-image-43850\" src=\"https:\/\/www.investinitalyrealestate.com\/wp-content\/uploads\/2023\/01\/Progetto-senza-titolo-3-300x145.png\" alt=\"\" width=\"418\" height=\"202\" srcset=\"https:\/\/dev.investinitalyrealestate.com\/wp-content\/uploads\/2023\/01\/Progetto-senza-titolo-3-300x145.png 300w, https:\/\/dev.investinitalyrealestate.com\/wp-content\/uploads\/2023\/01\/Progetto-senza-titolo-3.png 499w\" sizes=\"(max-width: 418px) 100vw, 418px\" \/><\/p>\n<p>Il <strong>MINISTERO DELLA DIFESA<\/strong>, come pubblicato sulla GURI, offre all\u2019asta la piena propriet\u00e0 di lotti composti da pi\u00f9 unit\u00e0 immobiliari non residenziali libere inserite in un unico fabbricato ovvero comprensorio qualificate\/non qualificate di particolare pregio. Tali lotti sono alienati tenuto conto de:<\/p>\n<p>&#8211; l\u2019articolo 307 e successivi del decreto legislativo 15 marzo 2010, n. 66, recante il \u201cCodice dell\u2019Ordinamento Militare\u201d, con cui viene disciplinata l\u2019alienazione di immobili militari non pi\u00f9 funzionali alle esigenze istituzionali;<\/p>\n<p>&#8211; il decreto legislativo 22 gennaio 2004, n. 42, recante il \u201cCodice dei beni culturali e del paesaggio, ai sensi dell\u2019articolo 10 della legge 6 luglio 2002, n. 137\u201d;<\/p>\n<p>&#8211; l\u2019articolo 1, comma 422 e successivi, della legge 30 dicembre 2018, n. 145 (legge di bilancio 2019);<\/p>\n<p>&#8211; il Decreto del Ministro della Difesa del 14 giugno 2019, in materia di \u201cDismissione di immobili di propriet\u00e0 dello Stato, in uso al Ministero della Difesa, diverso dall\u2019abitativo\u201d, da alienare ai sensi della legge 30 dicembre 2018, n. 145 (legge di bilancio 2019);<\/p>\n<p>&#8211; il Decreto del Presidente del Consiglio dei Ministri 10 luglio 2019, recante \u201cApprovazione del Piano di cessione di immobili pubblici, a norma dell\u2019articolo 1, comma 422, della legge 30 dicembre 2018, n. 145\u201d (legge di bilancio 2019);<\/p>\n<p>&#8211; le \u201cIstruzioni sul servizio di Tesoreria dello Stato\u201d disciplinanti le modalit\u00e0 di versamento di somme presso le Tesorerie dello Stato.<\/p>\n<p>&nbsp;<\/p>\n<p><a class=\"btn btn-primary btn-block\" style=\"width: 300px; margin: 0 auto 30px auto;\" href=\"https:\/\/www.investinitalyrealestate.com\/it\/i-bando-ministero-della-difesa\/\">Dettagli<\/a><\/p>\n","protected":false},"excerpt":{"rendered":"<p>Il MINISTERO DELLA DIFESA, come pubblicato sulla GURI, offre all\u2019asta la piena propriet\u00e0 di lotti composti da pi\u00f9 unit\u00e0 immobiliari non residenziali libere inserite in un unico fabbricato ovvero comprensorio qualificate\/non qualificate di particolare pregio. Tali lotti sono alienati tenuto conto de: &#8211; l\u2019articolo 307 e successivi del decreto legislativo 15 marzo 2010, n. 66, [&hellip;]<\/p>\n","protected":false},"author":2897,"featured_media":0,"parent":0,"menu_order":0,"comment_status":"closed","ping_status":"closed","template":"","meta":[],"acf":[],"yoast_head":"<!-- This site is optimized with the Yoast SEO plugin v19.0 - https:\/\/yoast.com\/wordpress\/plugins\/seo\/ -->\n<title>MINISTERO DELLA DIFESA - I\u00b0 BANDO - ICE - Italian Trade Agency<\/title>\n<meta name=\"robots\" content=\"index, follow, max-snippet:-1, max-image-preview:large, max-video-preview:-1\" \/>\n<link rel=\"canonical\" href=\"https:\/\/dev.investinitalyrealestate.com\/it\/ministero-della-difesa-i-bando\/\" \/>\n<meta property=\"og:locale\" content=\"it_IT\" \/>\n<meta property=\"og:type\" content=\"article\" \/>\n<meta property=\"og:title\" content=\"MINISTERO DELLA DIFESA - I\u00b0 BANDO - ICE - Italian Trade Agency\" \/>\n<meta property=\"og:description\" content=\"Il MINISTERO DELLA DIFESA, come pubblicato sulla GURI, offre all\u2019asta la piena propriet\u00e0 di lotti composti da pi\u00f9 unit\u00e0 immobiliari non residenziali libere inserite in un unico fabbricato ovvero comprensorio qualificate\/non qualificate di particolare pregio. Tali lotti sono alienati tenuto conto de: &#8211; l\u2019articolo 307 e successivi del decreto legislativo 15 marzo 2010, n. 66, [&hellip;]\" \/>\n<meta property=\"og:url\" content=\"https:\/\/dev.investinitalyrealestate.com\/it\/ministero-della-difesa-i-bando\/\" \/>\n<meta property=\"og:site_name\" content=\"ICE - Italian Trade Agency\" \/>\n<meta property=\"og:image\" content=\"https:\/\/www.investinitalyrealestate.com\/wp-content\/uploads\/2023\/01\/Progetto-senza-titolo-3-300x145.png\" \/>\n<meta name=\"twitter:card\" content=\"summary\" \/>\n<meta name=\"twitter:label1\" content=\"Tempo di lettura stimato\" \/>\n\t<meta name=\"twitter:data1\" content=\"1 minuto\" \/>\n<script type=\"application\/ld+json\" class=\"yoast-schema-graph\">{\"@context\":\"https:\/\/schema.org\",\"@graph\":[{\"@type\":\"WebSite\",\"@id\":\"https:\/\/dev.investinitalyrealestate.com\/it\/#website\",\"url\":\"https:\/\/dev.investinitalyrealestate.com\/it\/\",\"name\":\"ICE - Italian Trade Agency\",\"description\":\"Piattaforma per la vendita degli immobili pubblici Italiani\",\"potentialAction\":[{\"@type\":\"SearchAction\",\"target\":{\"@type\":\"EntryPoint\",\"urlTemplate\":\"https:\/\/dev.investinitalyrealestate.com\/it\/?s={search_term_string}\"},\"query-input\":\"required name=search_term_string\"}],\"inLanguage\":\"it-IT\"},{\"@type\":\"ImageObject\",\"inLanguage\":\"it-IT\",\"@id\":\"https:\/\/dev.investinitalyrealestate.com\/it\/ministero-della-difesa-i-bando\/#primaryimage\",\"url\":\"https:\/\/www.investinitalyrealestate.com\/wp-content\/uploads\/2023\/01\/Progetto-senza-titolo-3-300x145.png\",\"contentUrl\":\"https:\/\/www.investinitalyrealestate.com\/wp-content\/uploads\/2023\/01\/Progetto-senza-titolo-3-300x145.png\"},{\"@type\":\"WebPage\",\"@id\":\"https:\/\/dev.investinitalyrealestate.com\/it\/ministero-della-difesa-i-bando\/#webpage\",\"url\":\"https:\/\/dev.investinitalyrealestate.com\/it\/ministero-della-difesa-i-bando\/\",\"name\":\"MINISTERO DELLA DIFESA - I\u00b0 BANDO - ICE - Italian Trade Agency\",\"isPartOf\":{\"@id\":\"https:\/\/dev.investinitalyrealestate.com\/it\/#website\"},\"primaryImageOfPage\":{\"@id\":\"https:\/\/dev.investinitalyrealestate.com\/it\/ministero-della-difesa-i-bando\/#primaryimage\"},\"datePublished\":\"2023-01-25T11:01:30+00:00\",\"dateModified\":\"2023-01-25T11:01:30+00:00\",\"breadcrumb\":{\"@id\":\"https:\/\/dev.investinitalyrealestate.com\/it\/ministero-della-difesa-i-bando\/#breadcrumb\"},\"inLanguage\":\"it-IT\",\"potentialAction\":[{\"@type\":\"ReadAction\",\"target\":[\"https:\/\/dev.investinitalyrealestate.com\/it\/ministero-della-difesa-i-bando\/\"]}]},{\"@type\":\"BreadcrumbList\",\"@id\":\"https:\/\/dev.investinitalyrealestate.com\/it\/ministero-della-difesa-i-bando\/#breadcrumb\",\"itemListElement\":[{\"@type\":\"ListItem\",\"position\":1,\"name\":\"Home\",\"item\":\"https:\/\/dev.investinitalyrealestate.com\/it\/\"},{\"@type\":\"ListItem\",\"position\":2,\"name\":\"MINISTERO DELLA DIFESA &#8211; I\u00b0 BANDO\"}]}]}<\/script>\n<!-- \/ Yoast SEO plugin. -->","yoast_head_json":{"title":"MINISTERO DELLA DIFESA - I\u00b0 BANDO - ICE - Italian Trade Agency","robots":{"index":"index","follow":"follow","max-snippet":"max-snippet:-1","max-image-preview":"max-image-preview:large","max-video-preview":"max-video-preview:-1"},"canonical":"https:\/\/dev.investinitalyrealestate.com\/it\/ministero-della-difesa-i-bando\/","og_locale":"it_IT","og_type":"article","og_title":"MINISTERO DELLA DIFESA - I\u00b0 BANDO - ICE - Italian Trade Agency","og_description":"Il MINISTERO DELLA DIFESA, come pubblicato sulla GURI, offre all\u2019asta la piena propriet\u00e0 di lotti composti da pi\u00f9 unit\u00e0 immobiliari non residenziali libere inserite in un unico fabbricato ovvero comprensorio qualificate\/non qualificate di particolare pregio. Tali lotti sono alienati tenuto conto de: &#8211; l\u2019articolo 307 e successivi del decreto legislativo 15 marzo 2010, n. 66, [&hellip;]","og_url":"https:\/\/dev.investinitalyrealestate.com\/it\/ministero-della-difesa-i-bando\/","og_site_name":"ICE - Italian Trade Agency","og_image":[{"url":"https:\/\/www.investinitalyrealestate.com\/wp-content\/uploads\/2023\/01\/Progetto-senza-titolo-3-300x145.png"}],"twitter_card":"summary","twitter_misc":{"Tempo di lettura stimato":"1 minuto"},"schema":{"@context":"https:\/\/schema.org","@graph":[{"@type":"WebSite","@id":"https:\/\/dev.investinitalyrealestate.com\/it\/#website","url":"https:\/\/dev.investinitalyrealestate.com\/it\/","name":"ICE - Italian Trade Agency","description":"Piattaforma per la vendita degli immobili pubblici Italiani","potentialAction":[{"@type":"SearchAction","target":{"@type":"EntryPoint","urlTemplate":"https:\/\/dev.investinitalyrealestate.com\/it\/?s={search_term_string}"},"query-input":"required name=search_term_string"}],"inLanguage":"it-IT"},{"@type":"ImageObject","inLanguage":"it-IT","@id":"https:\/\/dev.investinitalyrealestate.com\/it\/ministero-della-difesa-i-bando\/#primaryimage","url":"https:\/\/www.investinitalyrealestate.com\/wp-content\/uploads\/2023\/01\/Progetto-senza-titolo-3-300x145.png","contentUrl":"https:\/\/www.investinitalyrealestate.com\/wp-content\/uploads\/2023\/01\/Progetto-senza-titolo-3-300x145.png"},{"@type":"WebPage","@id":"https:\/\/dev.investinitalyrealestate.com\/it\/ministero-della-difesa-i-bando\/#webpage","url":"https:\/\/dev.investinitalyrealestate.com\/it\/ministero-della-difesa-i-bando\/","name":"MINISTERO DELLA DIFESA - I\u00b0 BANDO - ICE - Italian Trade Agency","isPartOf":{"@id":"https:\/\/dev.investinitalyrealestate.com\/it\/#website"},"primaryImageOfPage":{"@id":"https:\/\/dev.investinitalyrealestate.com\/it\/ministero-della-difesa-i-bando\/#primaryimage"},"datePublished":"2023-01-25T11:01:30+00:00","dateModified":"2023-01-25T11:01:30+00:00","breadcrumb":{"@id":"https:\/\/dev.investinitalyrealestate.com\/it\/ministero-della-difesa-i-bando\/#breadcrumb"},"inLanguage":"it-IT","potentialAction":[{"@type":"ReadAction","target":["https:\/\/dev.investinitalyrealestate.com\/it\/ministero-della-difesa-i-bando\/"]}]},{"@type":"BreadcrumbList","@id":"https:\/\/dev.investinitalyrealestate.com\/it\/ministero-della-difesa-i-bando\/#breadcrumb","itemListElement":[{"@type":"ListItem","position":1,"name":"Home","item":"https:\/\/dev.investinitalyrealestate.com\/it\/"},{"@type":"ListItem","position":2,"name":"MINISTERO DELLA DIFESA &#8211; I\u00b0 BANDO"}]}]}},"wpml_current_locale":"it_IT","wpml_translations":[],"_links":{"self":[{"href":"https:\/\/dev.investinitalyrealestate.com\/it\/wp-json\/wp\/v2\/pages\/43849"}],"collection":[{"href":"https:\/\/dev.investinitalyrealestate.com\/it\/wp-json\/wp\/v2\/pages"}],"about":[{"href":"https:\/\/dev.investinitalyrealestate.com\/it\/wp-json\/wp\/v2\/types\/page"}],"author":[{"embeddable":true,"href":"https:\/\/dev.investinitalyrealestate.com\/it\/wp-json\/wp\/v2\/users\/2897"}],"replies":[{"embeddable":true,"href":"https:\/\/dev.investinitalyrealestate.com\/it\/wp-json\/wp\/v2\/comments?post=43849"}],"version-history":[{"count":1,"href":"https:\/\/dev.investinitalyrealestate.com\/it\/wp-json\/wp\/v2\/pages\/43849\/revisions"}],"predecessor-version":[{"id":43852,"href":"https:\/\/dev.investinitalyrealestate.com\/it\/wp-json\/wp\/v2\/pages\/43849\/revisions\/43852"}],"wp:attachment":[{"href":"https:\/\/dev.investinitalyrealestate.com\/it\/wp-json\/wp\/v2\/media?parent=43849"}],"curies":[{"name":"wp","href":"https:\/\/api.w.org\/{rel}","templated":true}]}}