{"id":53973,"date":"2024-04-15T16:37:59","date_gmt":"2024-04-15T14:37:59","guid":{"rendered":"https:\/\/www.investinitalyrealestate.com\/?page_id=53973"},"modified":"2024-07-15T16:42:15","modified_gmt":"2024-07-15T14:42:15","slug":"reiventing-cities-progetto-c40","status":"publish","type":"page","link":"https:\/\/dev.investinitalyrealestate.com\/it\/reiventing-cities-progetto-c40\/","title":{"rendered":"Reiventing Cities &#8211; C40"},"content":{"rendered":"<h3><a href=\"https:\/\/www.investinitalyrealestate.com\/en\/reiventing-cities-progetto-c40\/c40-logo-senza-italiano\/\" rel=\"attachment wp-att-54437\"><img loading=\"lazy\" class=\"wp-image-54437 aligncenter\" src=\"https:\/\/www.investinitalyrealestate.com\/wp-content\/uploads\/2024\/04\/C40-logo-senza-italiano-300x57.jpg\" alt=\"\" width=\"879\" height=\"167\" srcset=\"https:\/\/dev.investinitalyrealestate.com\/wp-content\/uploads\/2024\/04\/C40-logo-senza-italiano-300x57.jpg 300w, https:\/\/dev.investinitalyrealestate.com\/wp-content\/uploads\/2024\/04\/C40-logo-senza-italiano-1024x195.jpg 1024w, https:\/\/dev.investinitalyrealestate.com\/wp-content\/uploads\/2024\/04\/C40-logo-senza-italiano-768x146.jpg 768w, https:\/\/dev.investinitalyrealestate.com\/wp-content\/uploads\/2024\/04\/C40-logo-senza-italiano-1536x292.jpg 1536w, https:\/\/dev.investinitalyrealestate.com\/wp-content\/uploads\/2024\/04\/C40-logo-senza-italiano-1200x228.jpg 1200w, https:\/\/dev.investinitalyrealestate.com\/wp-content\/uploads\/2024\/04\/C40-logo-senza-italiano-700x133.jpg 700w, https:\/\/dev.investinitalyrealestate.com\/wp-content\/uploads\/2024\/04\/C40-logo-senza-italiano.jpg 1734w\" sizes=\"(max-width: 879px) 100vw, 879px\" \/><\/a><\/h3>\n<h3><\/h3>\n<h3>Il Progetto<\/h3>\n<p><a href=\"https:\/\/www.c40reinventingcities.org\/\"><strong>Reinventing Cities<\/strong><\/a>, un <strong>concorso globale di architettura e design urbano, <\/strong>\u00e8 un progetto di\u00a0<a href=\"https:\/\/www.c40.org\/\">C40<\/a>, la rete mondiale di circa cento sindaci impegnati sul contrasto alla crisi climatica, a cui <strong>partecipa <\/strong>per la prima volta <strong>l\u2019Agenzia del Demanio<\/strong>. Il concorso affronta la necessit\u00e0 di un nuovo modello di progettazione delle citt\u00e0, in linea con i principi di sostenibilit\u00e0, resilienza e inclusivit\u00e0<\/p>\n<p>I beni interessati sono 6 in 5 citt\u00e0 italiane.\u00a0<strong>Bologna &#8211; Ex Caserma Perotti:\u00a0<\/strong>la trasformazione proposta riguarda parte dell\u2019area della ex caserma \u201cG. Perotti\u201d, localizzata nella periferia Est di Bologna, non lontana dallo svincolo della tangenziale e dell\u2019autostrada;\u00a0<strong>Milano &#8211; Ex Scuola Via Zama:\u00a0<\/strong>la trasformazione proposta riguarda due edifici destinati a scuola elementare e palestra e uno spazio aperto pertinenziale, in un\u2019area sita nel quartiere sud-est della Citt\u00e0 di Milano;\u00a0<strong>Palermo &#8211; Ex Chimica Arenella:\u00a0<\/strong>la trasformazione proposta riguarda l\u2019areadell\u2019ex Chimica Arenella, un peculiare e significativo esempio a Palermo di architettura industriale storica, situata nel quartiere Arenella \u2013 Vergine Maria;\u00a0<strong>Roma &#8211; Ex Casa del Fascio:<\/strong>\u00a0la trasformazione proposta riguarda un immobile realizzato negli anni \u201830 per ospitare la \u201cCasa del Fascio\u201d, situata nel quadrante orientale della citt\u00e0;<strong>\u00a0Venezia &#8211; Forte Sant\u2019Andrea:\u00a0<\/strong>la trasformazione proposta riguarda Forte Sant&#8217;Andrea, una massiccia fortezza di circa 25 ettari costruita a met\u00e0 del XVI secolo\u00b0 e situata sull&#8217;isola omonima nella laguna veneziana;\u00a0<strong>Venezia &#8211; Casa Madonna di Nicopeja:<\/strong>\u00a0la trasformazione proposta riguarda Casa Madonna Nicopeja, un compendio situato nella laguna di Venezia, all&#8217;interno di un contesto di grande rilevanza paesaggistica.<\/p>\n<p>Si tratta di immobili che si prestano a essere valorizzati attraverso progetti di rigenerazione e trasformazione urbana a zero emissioni, anche in partenariato pubblico-privato.<\/p>\n<div style=\"width: 1920px;\" class=\"wp-video\"><!--[if lt IE 9]><script>document.createElement('video');<\/script><![endif]-->\n<video class=\"wp-video-shortcode\" id=\"video-53973-1\" width=\"1920\" height=\"1080\" poster=\"https:\/\/www.investinitalyrealestate.com\/wp-content\/uploads\/2024\/04\/Agenzia-del-demanio-anteprima.png\" preload=\"metadata\" controls=\"controls\"><source type=\"video\/mp4\" src=\"https:\/\/www.investinitalyrealestate.com\/wp-content\/uploads\/2024\/04\/29_02_2024_video-progetto-Generale_ultima-versione.mp4?_=1\" \/><a href=\"https:\/\/www.investinitalyrealestate.com\/wp-content\/uploads\/2024\/04\/29_02_2024_video-progetto-Generale_ultima-versione.mp4\">https:\/\/www.investinitalyrealestate.com\/wp-content\/uploads\/2024\/04\/29_02_2024_video-progetto-Generale_ultima-versione.mp4<\/a><\/video><\/div>\n<p>&nbsp;<\/p>\n<h4 style=\"font-weight: 400;\">Comunicazioni utili<\/h4>\n<ul>\n<li><a href=\"https:\/\/www.investinitalyrealestate.com\/wp-content\/uploads\/2024\/04\/Comunicato-stampa-Bandi-Reinventing-Cities_01_03_2024-1.pdf\">Comunicato stampa &#8211; 4 marzo 2024<\/a><\/li>\n<li><a href=\"https:\/\/www.investinitalyrealestate.com\/wp-content\/uploads\/2024\/07\/2024_9067_REGISTRO-UFFICIALE_copia_timbrata.pdf\">Proroga termini candidatura &#8220;Ex Casa del Fascio&#8221;<\/a><\/li>\n<\/ul>\n<p>Per visualizzare i video sugli immobili del Progetto C40: <a href=\"https:\/\/www.agenziademanio.it\/it\/in-evidenza\/reinventig-cities-c40\/\">Agenzia del Demanio Reiventing Cities<\/a>.<\/p>\n<p>&nbsp;<\/p>\n","protected":false},"excerpt":{"rendered":"<p>Il Progetto Reinventing Cities, un concorso globale di architettura e design urbano, \u00e8 un progetto di\u00a0C40, la rete mondiale di circa cento sindaci impegnati sul contrasto alla crisi climatica, a cui partecipa per la prima volta l\u2019Agenzia del Demanio. Il concorso affronta la necessit\u00e0 di un nuovo modello di progettazione delle citt\u00e0, in linea con [&hellip;]<\/p>\n","protected":false},"author":3187,"featured_media":53988,"parent":0,"menu_order":0,"comment_status":"closed","ping_status":"closed","template":"tpl-progetto-2.php","meta":[],"acf":[],"yoast_head":"<!-- This site is optimized with the Yoast SEO plugin v19.0 - https:\/\/yoast.com\/wordpress\/plugins\/seo\/ -->\n<title>Reiventing Cities - C40 - ICE - Italian Trade Agency<\/title>\n<meta name=\"robots\" content=\"index, follow, max-snippet:-1, max-image-preview:large, max-video-preview:-1\" \/>\n<link rel=\"canonical\" href=\"https:\/\/dev.investinitalyrealestate.com\/it\/reiventing-cities-progetto-c40\/\" \/>\n<meta property=\"og:locale\" content=\"it_IT\" \/>\n<meta property=\"og:type\" content=\"article\" \/>\n<meta property=\"og:title\" content=\"Reiventing Cities - C40 - ICE - Italian Trade Agency\" \/>\n<meta property=\"og:description\" content=\"Il Progetto Reinventing Cities, un concorso globale di architettura e design urbano, \u00e8 un progetto di\u00a0C40, la rete mondiale di circa cento sindaci impegnati sul contrasto alla crisi climatica, a cui partecipa per la prima volta l\u2019Agenzia del Demanio. Il concorso affronta la necessit\u00e0 di un nuovo modello di progettazione delle citt\u00e0, in linea con [&hellip;]\" \/>\n<meta property=\"og:url\" content=\"https:\/\/dev.investinitalyrealestate.com\/it\/reiventing-cities-progetto-c40\/\" \/>\n<meta property=\"og:site_name\" content=\"ICE - Italian Trade Agency\" \/>\n<meta property=\"article:modified_time\" content=\"2024-07-15T14:42:15+00:00\" \/>\n<meta property=\"og:image\" content=\"https:\/\/dev.investinitalyrealestate.com\/wp-content\/uploads\/2024\/04\/C40-logo-1-e1713195665987.png\" \/>\n\t<meta property=\"og:image:width\" content=\"453\" \/>\n\t<meta property=\"og:image:height\" content=\"498\" \/>\n\t<meta property=\"og:image:type\" content=\"image\/png\" \/>\n<meta name=\"twitter:card\" content=\"summary\" \/>\n<meta name=\"twitter:label1\" content=\"Tempo di lettura stimato\" \/>\n\t<meta name=\"twitter:data1\" content=\"2 minuti\" \/>\n<script type=\"application\/ld+json\" class=\"yoast-schema-graph\">{\"@context\":\"https:\/\/schema.org\",\"@graph\":[{\"@type\":\"WebSite\",\"@id\":\"https:\/\/dev.investinitalyrealestate.com\/it\/#website\",\"url\":\"https:\/\/dev.investinitalyrealestate.com\/it\/\",\"name\":\"ICE - Italian Trade Agency\",\"description\":\"Piattaforma per la vendita degli immobili pubblici Italiani\",\"potentialAction\":[{\"@type\":\"SearchAction\",\"target\":{\"@type\":\"EntryPoint\",\"urlTemplate\":\"https:\/\/dev.investinitalyrealestate.com\/it\/?s={search_term_string}\"},\"query-input\":\"required name=search_term_string\"}],\"inLanguage\":\"it-IT\"},{\"@type\":\"ImageObject\",\"inLanguage\":\"it-IT\",\"@id\":\"https:\/\/dev.investinitalyrealestate.com\/it\/reiventing-cities-progetto-c40\/#primaryimage\",\"url\":\"https:\/\/dev.investinitalyrealestate.com\/wp-content\/uploads\/2024\/04\/C40-logo-1-e1713195665987.png\",\"contentUrl\":\"https:\/\/dev.investinitalyrealestate.com\/wp-content\/uploads\/2024\/04\/C40-logo-1-e1713195665987.png\",\"width\":453,\"height\":498},{\"@type\":\"WebPage\",\"@id\":\"https:\/\/dev.investinitalyrealestate.com\/it\/reiventing-cities-progetto-c40\/#webpage\",\"url\":\"https:\/\/dev.investinitalyrealestate.com\/it\/reiventing-cities-progetto-c40\/\",\"name\":\"Reiventing Cities - C40 - ICE - Italian Trade Agency\",\"isPartOf\":{\"@id\":\"https:\/\/dev.investinitalyrealestate.com\/it\/#website\"},\"primaryImageOfPage\":{\"@id\":\"https:\/\/dev.investinitalyrealestate.com\/it\/reiventing-cities-progetto-c40\/#primaryimage\"},\"datePublished\":\"2024-04-15T14:37:59+00:00\",\"dateModified\":\"2024-07-15T14:42:15+00:00\",\"breadcrumb\":{\"@id\":\"https:\/\/dev.investinitalyrealestate.com\/it\/reiventing-cities-progetto-c40\/#breadcrumb\"},\"inLanguage\":\"it-IT\",\"potentialAction\":[{\"@type\":\"ReadAction\",\"target\":[\"https:\/\/dev.investinitalyrealestate.com\/it\/reiventing-cities-progetto-c40\/\"]}]},{\"@type\":\"BreadcrumbList\",\"@id\":\"https:\/\/dev.investinitalyrealestate.com\/it\/reiventing-cities-progetto-c40\/#breadcrumb\",\"itemListElement\":[{\"@type\":\"ListItem\",\"position\":1,\"name\":\"Home\",\"item\":\"https:\/\/dev.investinitalyrealestate.com\/it\/\"},{\"@type\":\"ListItem\",\"position\":2,\"name\":\"Reiventing Cities &#8211; C40\"}]}]}<\/script>\n<!-- \/ Yoast SEO plugin. -->","yoast_head_json":{"title":"Reiventing Cities - C40 - ICE - Italian Trade Agency","robots":{"index":"index","follow":"follow","max-snippet":"max-snippet:-1","max-image-preview":"max-image-preview:large","max-video-preview":"max-video-preview:-1"},"canonical":"https:\/\/dev.investinitalyrealestate.com\/it\/reiventing-cities-progetto-c40\/","og_locale":"it_IT","og_type":"article","og_title":"Reiventing Cities - C40 - ICE - Italian Trade Agency","og_description":"Il Progetto Reinventing Cities, un concorso globale di architettura e design urbano, \u00e8 un progetto di\u00a0C40, la rete mondiale di circa cento sindaci impegnati sul contrasto alla crisi climatica, a cui partecipa per la prima volta l\u2019Agenzia del Demanio. Il concorso affronta la necessit\u00e0 di un nuovo modello di progettazione delle citt\u00e0, in linea con [&hellip;]","og_url":"https:\/\/dev.investinitalyrealestate.com\/it\/reiventing-cities-progetto-c40\/","og_site_name":"ICE - Italian Trade Agency","article_modified_time":"2024-07-15T14:42:15+00:00","og_image":[{"width":453,"height":498,"url":"https:\/\/dev.investinitalyrealestate.com\/wp-content\/uploads\/2024\/04\/C40-logo-1-e1713195665987.png","type":"image\/png"}],"twitter_card":"summary","twitter_misc":{"Tempo di lettura stimato":"2 minuti"},"schema":{"@context":"https:\/\/schema.org","@graph":[{"@type":"WebSite","@id":"https:\/\/dev.investinitalyrealestate.com\/it\/#website","url":"https:\/\/dev.investinitalyrealestate.com\/it\/","name":"ICE - Italian Trade Agency","description":"Piattaforma per la vendita degli immobili pubblici Italiani","potentialAction":[{"@type":"SearchAction","target":{"@type":"EntryPoint","urlTemplate":"https:\/\/dev.investinitalyrealestate.com\/it\/?s={search_term_string}"},"query-input":"required name=search_term_string"}],"inLanguage":"it-IT"},{"@type":"ImageObject","inLanguage":"it-IT","@id":"https:\/\/dev.investinitalyrealestate.com\/it\/reiventing-cities-progetto-c40\/#primaryimage","url":"https:\/\/dev.investinitalyrealestate.com\/wp-content\/uploads\/2024\/04\/C40-logo-1-e1713195665987.png","contentUrl":"https:\/\/dev.investinitalyrealestate.com\/wp-content\/uploads\/2024\/04\/C40-logo-1-e1713195665987.png","width":453,"height":498},{"@type":"WebPage","@id":"https:\/\/dev.investinitalyrealestate.com\/it\/reiventing-cities-progetto-c40\/#webpage","url":"https:\/\/dev.investinitalyrealestate.com\/it\/reiventing-cities-progetto-c40\/","name":"Reiventing Cities - C40 - ICE - Italian Trade Agency","isPartOf":{"@id":"https:\/\/dev.investinitalyrealestate.com\/it\/#website"},"primaryImageOfPage":{"@id":"https:\/\/dev.investinitalyrealestate.com\/it\/reiventing-cities-progetto-c40\/#primaryimage"},"datePublished":"2024-04-15T14:37:59+00:00","dateModified":"2024-07-15T14:42:15+00:00","breadcrumb":{"@id":"https:\/\/dev.investinitalyrealestate.com\/it\/reiventing-cities-progetto-c40\/#breadcrumb"},"inLanguage":"it-IT","potentialAction":[{"@type":"ReadAction","target":["https:\/\/dev.investinitalyrealestate.com\/it\/reiventing-cities-progetto-c40\/"]}]},{"@type":"BreadcrumbList","@id":"https:\/\/dev.investinitalyrealestate.com\/it\/reiventing-cities-progetto-c40\/#breadcrumb","itemListElement":[{"@type":"ListItem","position":1,"name":"Home","item":"https:\/\/dev.investinitalyrealestate.com\/it\/"},{"@type":"ListItem","position":2,"name":"Reiventing Cities &#8211; C40"}]}]}},"wpml_current_locale":"it_IT","wpml_translations":[],"_links":{"self":[{"href":"https:\/\/dev.investinitalyrealestate.com\/it\/wp-json\/wp\/v2\/pages\/53973"}],"collection":[{"href":"https:\/\/dev.investinitalyrealestate.com\/it\/wp-json\/wp\/v2\/pages"}],"about":[{"href":"https:\/\/dev.investinitalyrealestate.com\/it\/wp-json\/wp\/v2\/types\/page"}],"author":[{"embeddable":true,"href":"https:\/\/dev.investinitalyrealestate.com\/it\/wp-json\/wp\/v2\/users\/3187"}],"replies":[{"embeddable":true,"href":"https:\/\/dev.investinitalyrealestate.com\/it\/wp-json\/wp\/v2\/comments?post=53973"}],"version-history":[{"count":23,"href":"https:\/\/dev.investinitalyrealestate.com\/it\/wp-json\/wp\/v2\/pages\/53973\/revisions"}],"predecessor-version":[{"id":55988,"href":"https:\/\/dev.investinitalyrealestate.com\/it\/wp-json\/wp\/v2\/pages\/53973\/revisions\/55988"}],"wp:featuredmedia":[{"embeddable":true,"href":"https:\/\/dev.investinitalyrealestate.com\/it\/wp-json\/wp\/v2\/media\/53988"}],"wp:attachment":[{"href":"https:\/\/dev.investinitalyrealestate.com\/it\/wp-json\/wp\/v2\/media?parent=53973"}],"curies":[{"name":"wp","href":"https:\/\/api.w.org\/{rel}","templated":true}]}}